{"id":19286,"date":"2019-03-09T14:04:14","date_gmt":"2019-03-09T14:04:14","guid":{"rendered":"https:\/\/monosmoda.it\/privacy-policy\/"},"modified":"2019-03-09T14:04:14","modified_gmt":"2019-03-09T14:04:14","slug":"privacy-policy","status":"publish","type":"page","link":"https:\/\/monosmoda.it\/en\/privacy-policy\/","title":{"rendered":"Privacy Policy"},"content":{"rendered":"<p><strong>Ai sensi dell&#8217;art. 13 D. Lgs. 30 giugno 2003, n. 196  <\/strong><\/p>\n<p><strong>Codice in materia di protezione dei dati personali <\/strong><\/p>\n<p>Con la presente nota <strong>Monos &#8211; Philip Advertising di Filippetti Monia <\/strong>&nbsp; intende informare gli utenti visitatori del sito Web &#8220;www.monosmoda.it&#8221; (di seguito il &#8220;www.monosmoda.it&#8221;) della Politica adottata in materia di Protezione dei dati personali sottolineando il proprio impegno ed attenzione con riferimento alla tutela della privacy dei visitatori del Sito.<\/p>\n<p>La navigazione all&#8217;interno del Sito \u00e8 libera e non richiede registrazione alcuna, con eccezione di alcune aree in cui l&#8217;utente pu\u00f2 liberamente ed espressamente fornire una serie di dati che lo riguardano per accedere a servizi specificamente individuati. Laddove pertanto il visitatore intenda fornire i propri dati personali per accedere a tali ulteriori servizi, esso sar\u00e0 espressamente informato ai sensi dell&#8217;art. 13 del D. Lgs. 30 giugno 2003, n. 196, Codice in materia di protezione dei dati personali, con indicazione (a titolo esemplificativo) delle finalit\u00e0 e modalit\u00e0 di utilizzo dei dati da parte di <strong>Monos &#8211; Philip Advertising di Filippetti Monia <\/strong>, nonch\u00e9 del diritto di richiedere in ogni momento la cancellazione dei dati o l&#8217;aggiornamento degli stessi.<\/p>\n<p><strong>Informazioni sulla tutela dei dati personali&nbsp; <\/strong><\/p>\n<p>Ai sensi e per gli effetti del Decreto Legislativo n.196\/2003 &#8220;Codice in materia di protezione dei dati personali&#8221; (di seguito il \u201cCodice\u201d), <strong>Monos &#8211; Philip Advertising di Filippetti Monia <\/strong>&nbsp;fornisce le seguenti informazioni.<\/p>\n<p><strong>1. Il Titolare e Responsabile del Trattamento&nbsp; <\/strong><\/p>\n<p>Il Titolare del trattamento dei Dati Personali \u00e8 <strong>Monos &#8211; Philip Advertising di Filippetti Monia <\/strong> Responsabile del Trattamento, relativamente alla gestione del Sito, \u00e8 il responsabile della Direzione Generale d\u2019Insegna <strong>Monos &#8211; Philip Advertising di Filippetti Monia <\/strong> <\/p>\n<p><strong>2. Tipi di dati personali trattati<\/strong><\/p>\n<p>Per accedere al Sito non \u00e8 necessario procedere ad alcuna registrazione. Esistono tuttavia all&#8217;interno del Sito delle sezioni che richiedono una registrazione. Qualora <strong>Monos &#8211; Philip Advertising di Filippetti Monia <\/strong>&nbsp;acquisisca informazioni e dati personali informer\u00e0 preventivamente gli utenti, ai sensi dell&#8217;art.13 del D. Lgs. 196\/2003, delle finalit\u00e0 per cui tali dati sono richiesti e delle modalit\u00e0 con cui saranno utilizzati. Ove necessario, C<strong>Monos &#8211; Philip Advertising di Filippetti Monia <\/strong> provveder\u00e0 ad acquisire il consenso specifico dell&#8217;utente al relativo utilizzo dei dati. A titolo esemplificativo, potranno essere richiesti dati personali quali nome e cognome, numero di telefono, l&#8217;indirizzo di posta elettronica ed altre informazioni che l&#8217;utente accetta di fornire per utilizzare i servizi del Sito attraverso la compilazione di uno specifico modulo di registrazione. <strong>Monos &#8211; Philip Advertising di Filippetti Monia <\/strong> utilizzer\u00e0 i dati personali raccolti on-line ai soli fini indicati in sede di registrazione. Con riferimento ai dati relativi alla navigazione all&#8217;interno del Sito si veda anche il successivo punto 6 riguardante gli Strumenti di profilazione utilizzati dal Sito.<\/p>\n<p><strong>3. Facoltativit\u00e0 del conferimento dei dati personali&nbsp; <\/strong><\/p>\n<p>Il conferimento dei Dati Personali ha in linea generale natura facoltativa. Solo in determinati casi il mancato conferimento dei dati pu\u00f2 comportare l&#8217;impossibilit\u00e0 di accedere a servizi specifici ed ottenere quanto eventualmente richiesto.<\/p>\n<p><strong>4. Modalit\u00e0 di trattamento dei dati ed ambito di comunicazione&nbsp;<\/strong><\/p>\n<p>I dati potranno essere trattati sia su supporto elettronico, che cartaceo. <strong>CMonos &#8211; Philip Advertising di Filippetti Monia <\/strong>&nbsp;garantisce il trattamento lecito e secondo correttezza dei dati personali forniti attraverso il Sito, nel pieno rispetto della normativa vigente, nonch\u00e9 la massima riservatezza dei dati forniti in sede di registrazione. I dati non saranno comunicati o diffusi a terzi se non nei limiti ed alle condizioni espressamente indicate nell&#8217;informativa di volta in volta fornita all&#8217;utente e previa autorizzazione da parte dello stesso.<\/p>\n<p><strong>  5. Collegamenti ad altri siti&nbsp; <\/strong><\/p>\n<p>La presente informativa \u00e8 fornita solo per il Sito www.monosmoda.it e non anche per altri siti web eventualmente consultati dall&#8217;utente tramite link di collegamento. <strong>Monos &#8211; Philip Advertising di Filippetti Monia <\/strong>&nbsp;non pu\u00f2 essere ritenuta responsabile dei dati personali forniti dagli utenti a soggetti esterni o a eventuali siti Web collegati al presente Sito.<\/p>\n<p><strong>  6. Strumenti di &#8220;profilazione&#8221; e\/o personalizzazione <\/strong><\/p>\n<p><strong>Monos &#8211; Philip Advertising di Filippetti Monia <\/strong> non svolge alcuna attivit\u00e0 di comunicazione promozionale e\/o pubblicitaria <strong>senza il preventivo consenso espresso dell&#8217;utente<\/strong>.&nbsp; Il Sito utilizza \u201cCookies\u201d: si tratta di file di testo che vengono inviati da un server web (che \u00e8 il computer sul quale \u00e8 in esecuzione il sito web visitato) al browser dell\u2019utente (Internet Explorer, Mozilla Firefox, Google Chrome, ecc.) e memorizzati nel disco fisso del PC dell&#8217;utente quando questi visita il Sito. Il cookie consente al Sito di identificare il PC dell&#8217;utente, attraverso le informazioni in esso memorizzate, ogni qualvolta l&#8217;utente si ricollega al Sito attraverso quel PC.<\/p>\n<p>Attraverso l&#8217;utilizzo dei cookies ci \u00e8 possibile facilitare la navigazione dell&#8217;utente all&#8217;interno del Sito.<\/p>\n<p>I cookies <strong>non raccolgono informazioni direttamente identificative dell&#8217;utente<\/strong>. Infatti <strong>Monos &#8211; Philip Advertising di Filippetti Monia <\/strong>&nbsp;non pu\u00f2 attraverso i cookies risalire a nessuna informazione personale direttamente identificativa (es. nome, cognome) se non fornita direttamente dall\u2019utente. Inoltre, un altro sito web non pu\u00f2 utilizzare un cookie rilasciato dal Sito www.monosmoda.it per accedere ad altre informazioni contenute nel computer dell\u2019utente. Una volta salvato nel computer, il cookie pu\u00f2 essere letto solo dal sito web che lo ha creato.<\/p>\n<p><strong>Quali tipi di cookie utilizza Monos &#8211; Philip Advertising di Filippetti Monia <\/strong><\/p>\n<p><em>Cookie temporanei&nbsp;<\/em><\/p>\n<p>Sono i cd. &#8220;cookie di sessione&#8221; e sono rilasciati dal Sito sul computer dell\u2019utente durante la navigazione, ma vengono memorizzati esclusivamente per il tempo di durata della sessione di navigazione stessa. Ci\u00f2 significa che quando l\u2019utente chiude il suo browser i cookie vengono cancellati automaticamente e scompaiono, senza rimanere memorizzati sul computer. Sono formati da numeri casuali generati dal server e servono a consentire l\u2019esplorazione sicura ed efficiente del Sito.<\/p>\n<p>Attraverso l&#8217;utilizzo di tali cookies ci \u00e8 possibile facilitare la navigazione dell&#8217;utente all&#8217;interno del Sito, ad esempio ricordando i dati forniti dall\u2019utente nella compilazione di moduli sul Sito (c.d. user input cookies), per riconoscere l\u2019utente dopo che ha effettuato il log-in al Sito (c.d. cookies per l\u2019autenticazione), per personalizzare l\u2019interfaccia del sito sulla base delle preferenze indicate dall\u2019utente, ecc.<\/p>\n<p>Tali cookies non richiedono l\u2019acquisizione di un consenso preventivo ed espresso dell\u2019utente in quanto strettamente necessari ad erogare il servizio richiesto dall\u2019utente del Sito (ex art. 122, comma 1, del Codice).<\/p>\n<p><em>Cookie permanenti <\/em><\/p>\n<p>Sono i cookies rilasciati dal Sito sul computer dell\u2019utente durante la navigazione, ma vengono memorizzati anche oltre per il tempo di durata della sessione di navigazione stessa, fino allo loro scadenza o sino alla cancellazione da parte dell\u2019utente stesso.<\/p>\n<p>L\u2019utilizzo di tali cookies richiede il consenso espresso ed informato dell\u2019utente (ex art. 122, comma 1, del Codice). L\u2019utente, accedendo alla Home Page del Sito www.monosmoda.it, visualizzando il banner di informativa relativo ai cookies ivi presente e prendendo visione dell\u2019informativa fornita, fornisce pertanto il proprio specifico consenso all\u2019utilizzo dei cookies. E\u2019 altres\u00ec considerato un valido consenso da parte dell\u2019utente l\u2019aver configurato il proprio Browser internet (ad es. Explorer, Firefox, Chrome) al fine di accettare l\u2019utilizzo dei cookies (ex art. 122, comma 2, del Codice).<\/p>\n<p>Inoltre qualora l&#8217;utente si registri al Sito e fornisca il proprio specifico consenso al monitoraggio della sua navigazione, i dati relativi alla navigazione all&#8217;interno del Sito potranno essere associati ai suoi dati personali.<\/p>\n<p>In merito ai cookies utilizzati nel Sito forniamo le seguenti informazioni:<\/p>\n<p>1) Il nome di dominio dal quale il server del Sito trasmette i cookies \u00e8: www.monosmoda.it<\/p>\n<p>2) Finalit\u00e0 della raccolta: i cookies sono utilizzati ai fini di (i) consentire una navigazione pi\u00f9 facile e veloce all&#8217;interno del Sito, (ii) migliorare l\u2019esperienza di navigazione suggerendo i prodotti e le promozioni migliori in base alla navigazione svolta.<\/p>\n<p>3) Dati raccolti: sono memorizzate le seguenti informazioni: gli indirizzi in notazione URI (Uniform Resource Identifier) delle risorse richieste, l&#8217;orario della richiesta, il metodo utilizzato nel sottoporre la richiesta al server, la dimensione del file ottenuto in risposta, il codice numerico indicante lo stato della risposta data dal server (buon fine, errore, ecc.) ed altri parametri relativi al sistema operativo e all&#8217;ambiente informatico dell&#8217;utente.<\/p>\n<p>4) Validit\u00e0 dei cookies: il Sito utilizza cookies di sessione (ovvero cookies che vengono automaticamente cancellati alla chiusura del browser), nonch\u00e9 cookies permanenti (ovvero cookies che sono conservati sino ad eventuale cancellazione da parte dell\u2019utente), la cui durata non supera in ogni caso i sei mesi.<\/p>\n<p>5) Necessit\u00e0 di accettazione dei cookies: l\u2019accettazione dei cookies non \u00e8 obbligatoria ma la loro disattivazione, sebbene consenta la navigazione all\u2019interno del Sito, potrebbe non rendere possibile il rilascio di alcuni contenuti e funzionalit\u00e0 del Sito.<\/p>\n<p>6) Disattivazione e cancellazione dei cookies: \u00e8 possibile disattivare o cancellare i cookies in ogni momento. Per farlo \u00e8 necessario consultare le informazioni riportate nella Manuale d&#8217;uso del browser (Help Page). In particolare se si desidera non ricevere cookies, \u00e8 possibile impostare il proprio browser in modo tale da essere avvertiti della presenza di un cookie potendo cos\u00ec decidere se accettarlo o meno; si possono anche rifiutare automaticamente tutti i cookies, attivando l&#8217;apposita opzione nel browser.<\/p>\n<p>7) Comunicazione dei dati: le informazioni raccolte tramite i cookies sono riservate e non sono comunicate a terzi. Nei cookies (trasmessi dal dominio www.monosmoda.it ) sono contenute le seguenti informazioni: un ID numerico che identifica in modo univoco www.monosmoda.it e un ID numerico che identifica l\u2019utente (che effettua la navigazione all\u2019interno del Sito), entrambi memorizzati all&#8217;interno del nostro data base; un ID numerico che identifica univocamente la navigazione (c.d. \u201crecord\u201d) dell&#8217;utente all&#8217;interno del nostro data base; un ID alfanumerico di sessione pseudo-casuale automaticamente cancellato dal browser alla sua chiusura (cookie di sessione).<\/p>\n<p>I cookie di profilazione relativi alle attivit\u00e0 di remarketing tracciano gli utenti in forma profilata, ma anonima, anche se non sono loggati sul sito.<\/p>\n<p>In ogni caso l&#8217;utente ha la facolt\u00e0 di disabilitare i cookie agendo sul pannello di controllo del proprio browser, ad esempio:<\/p>\n<ul>\n<li>Mozilla Firefox<\/li>\n<li>Google Chrome<\/li>\n<li>Internet Expoler<\/li>\n<\/ul>\n<p>Non sono utilizzati altri strumenti di profilazione dell&#8217;utente in questo Sito (ad es. spyware).<\/p>\n<ul>\n<li><strong>Cookie tecnici di sessione<\/strong> che vengono utilizzati con una durata pari alla singola sessione di navigazione e che quindi scadono nel momento in cui viene chiusa la sessione del browser. Sono definiti cookie tecnici e non \u00e8 necessario un consenso degli utenti per il loro utilizzo. Non vengono utilizzati per scopi ulteriori e senza il ricorso a tali cookie, alcune operazioni non potrebbero essere compiute o sarebbero pi\u00f9 complesse e\/o meno sicure. Google Analytics: Per potere migliorare e ottimizzare continuamente la nostra offerta utilizziamo Google Analytics, un servizio di web analytics fornito da Google che invia cookies sul tuo dispositivo. Le informazioni generate dal cookie sul tuo utilizzo del sito sono trasmesse a Google e conservate da Google su server negli Stati Uniti. Google utilizza queste informazioni per valutare il tuo utilizzo del Sito, predisporre resoconti sull\u2019attivit\u00e0 del Sito web per operatori del Sito preposti allo scopo e per fornire altri servizi relativi all\u2019attivit\u00e0 del sito web e all\u2019utilizzo di internet. Google pu\u00f2 anche trasferire queste informazioni a terzi se richiesto dalla legge oppure in caso di terzi che elaborano queste informazioni per conto di Google. Google non associa il tuo indirizzo IP con nessun altro dato che Google possiede. Per ulteriori informazioni su Google Analytics, puoi consultare la pagina Cookies and Analytics&nbsp; e la relativa privacy policy di Google. Nel nostro sito abbiamo anonimizzato Google Analytics, il che ci permette di raccogliere statistiche senza che Google possa visualizzare o risalire in alcun modo al vostro indirizzo IP completo. Un utente pu\u00f2 disattivare Google Analytics durante la navigazione utilizzando il componente aggiuntivo disponibile per Chrome, Firefox, Internet Explorer, Opera e Safari.<\/li>\n<li><strong>Social Plugins:<\/strong> il nostro sito utilizza i cosiddetti \u201cSocial Plugins\u201d &nbsp;di Social Network come Facebook, Twitter e Google+ ecc. Questi strumenti permettono di effettuare interazioni con i Social Network, o con altre piattaforme esterne, direttamente dalle pagine di questo sito. Le interazioni e le informazioni acquisite da questo sito sono in ogni caso soggette alle impostazioni sulla privacy stabilite da ogni Social Network o piattaforma esterna. Se avete effettuato il log-in ad un Social Network, quest\u2019ultimo pu\u00f2 assegnare la vostra visita a questa pagina web al vostro profilo utente. Se siete iscritti ad un Social Network e non desiderate che quest\u2019ultimo, durante la vostra visita del nostro sito Internet, colleghi i dati raccolti con i dati registrati sul vostro profilo, dovete effettuare il log-out dal rispettivo Social Network. Per maggiori informazioni consultare le sezioni relative alla Privacy e ai Cookie dei rispettivi Social Network e piattaforme : Facebook, Twitter , You Tube, Google+, Trip Advisor.<\/li>\n<\/ul>\n<p><strong>UTILIZZO COOKIE PER FUNZIONALITA\u2019 REMARKETING<\/strong><\/p>\n<p>Nel presente sito web si utilizza attualmente la funzionalit\u00e0 di remarketing di Google AdWords che prevede l\u2019installazione di un codice html all\u2019interno di tutte le pagine del sito web. In questo modo gli utenti che atterreranno sul sito web potranno, una volta abbandonato il sito, visualizzare dei banner e annunci pubblicitari dell\u2019 Hotel Gi\u00f2 su altri siti web in rete. Tale codice non consentir\u00e0 n\u00e9 a chi gestisce la campagna di remarketing, n\u00e9 a chi installer\u00e0 il codice html necessario per attivare la funzione di remarketing, n\u00e9 a chi ha visione delle statistiche del sito web, di avere informazioni personali e sensibili sugli utenti che verranno tracciati. Questi dati vengono trattati da Google in maniera anonima al solo fine di attuare la campagna pubblicitaria e non li fornisce in alcun modo a terzi. La funzione remarketing viene utilizzata quindi per soli scopi di business. Al termine della campagna il codice verr\u00e0 disinstallato perch\u00e9 non possano essere tracciati altri utenti per iniziative al di fuori della presente. I visitatori che non volessero essere tracciati per finalit\u00e0 di remarketing possono in qualsiasi momento disattivare l\u2019utilizzo dei cookie da parte di Google visitando la pagina Preferenze annunci di Google.<\/p>\n<p><strong>7. Diritti degli interessati&nbsp;<\/strong><\/p>\n<p>Ai sensi dell&#8217;art. 7 del D. Lgs. 196\/2003 avete il diritto di ottenere a cura del Responsabile informazioni sul trattamento dei Vostri dati, tra cui, 1) ottenere, senza ritardo, la conferma dell&#8217;esistenza o meno di dati personali che la riguardano [\u2026]; 2) ottenere: a) l&#8217;indicazione dell&#8217;origine dei dati personali, delle finalit\u00e0 e modalit\u00e0 del trattamento, della logica del trattamento effettuato con l&#8217;ausilio di strumenti elettronici, degli estremi identificativi del titolare o dei responsabili, dei soggetti o delle categorie di soggetti a cui i dati possono venire comunicati o che possono venirne a conoscenza in qualit\u00e0 di responsabili o incaricati; l&#8217;aggiornamento, la rettificazione ovvero, qualora vi abbia interesse, l&#8217;integrazione dei dati; b) la cancellazione, la trasformazione in forma anonima o il blocco dei dati trattati in violazione di legge; 3) opporsi, in tutto o in parte, al trattamento di dati personali che lo riguardano, previsto a fini di informazioni commerciali o di invio di materiale pubblicitario o di vendita diretta ovvero per il compimento di ricerche di mercato o di comunicazione commerciale.<\/p>\n<p><strong>8. Clausola di revisione <\/strong><\/p>\n<p><strong>Monos &#8211; Philip Advertising di Filippetti Monia <\/strong> si riserva di rivedere in qualsiasi momento la presente &#8220;Privacy Policy&#8221; &nbsp;a propria esclusiva discrezione, in qualsiasi modo e\/o in qualsiasi momento senza preavviso. Potrete in qualsiasi momento esercitare i diritti di cui all&#8217;art. 7 del D. Lgs. 196\/2003 utilizzando il modulo Contattaci (www.monosmoda.it\/contatti).<\/p>\n","protected":false},"excerpt":{"rendered":"<p>Ai sensi dell&#8217;art. 13 D. Lgs. 30 giugno 2003, n. 196 Codice in materia di protezione dei dati personali Con&#8230;<\/p>\n","protected":false},"author":2,"featured_media":0,"parent":0,"menu_order":0,"comment_status":"closed","ping_status":"closed","template":"","meta":{"footnotes":""},"class_list":["post-19286","page","type-page","status-publish"],"yoast_head":"<!-- This site is optimized with the Yoast SEO plugin v22.8 - https:\/\/yoast.com\/wordpress\/plugins\/seo\/ -->\n<title>Privacy Policy - Monosmoda<\/title>\n<meta name=\"robots\" content=\"index, follow, max-snippet:-1, max-image-preview:large, max-video-preview:-1\" \/>\n<link rel=\"canonical\" href=\"https:\/\/monosmoda.it\/en\/privacy-policy\/\" \/>\n<meta property=\"og:locale\" content=\"en_US\" \/>\n<meta property=\"og:type\" content=\"article\" \/>\n<meta property=\"og:title\" content=\"Privacy Policy - Monosmoda\" \/>\n<meta property=\"og:description\" content=\"Ai sensi dell&#8217;art. 13 D. Lgs. 30 giugno 2003, n. 196 Codice in materia di protezione dei dati personali Con...\" \/>\n<meta property=\"og:url\" content=\"https:\/\/monosmoda.it\/en\/privacy-policy\/\" \/>\n<meta property=\"og:site_name\" content=\"Monosmoda\" \/>\n<meta name=\"twitter:card\" content=\"summary_large_image\" \/>\n<meta name=\"twitter:label1\" content=\"Est. reading time\" \/>\n\t<meta name=\"twitter:data1\" content=\"12 minutes\" \/>\n<script type=\"application\/ld+json\" class=\"yoast-schema-graph\">{\"@context\":\"https:\/\/schema.org\",\"@graph\":[{\"@type\":\"WebPage\",\"@id\":\"https:\/\/monosmoda.it\/en\/privacy-policy\/\",\"url\":\"https:\/\/monosmoda.it\/en\/privacy-policy\/\",\"name\":\"Privacy Policy - Monosmoda\",\"isPartOf\":{\"@id\":\"https:\/\/monosmoda.it\/en\/#website\"},\"datePublished\":\"2019-03-09T14:04:14+00:00\",\"dateModified\":\"2019-03-09T14:04:14+00:00\",\"breadcrumb\":{\"@id\":\"https:\/\/monosmoda.it\/en\/privacy-policy\/#breadcrumb\"},\"inLanguage\":\"en-US\",\"potentialAction\":[{\"@type\":\"ReadAction\",\"target\":[\"https:\/\/monosmoda.it\/en\/privacy-policy\/\"]}]},{\"@type\":\"BreadcrumbList\",\"@id\":\"https:\/\/monosmoda.it\/en\/privacy-policy\/#breadcrumb\",\"itemListElement\":[{\"@type\":\"ListItem\",\"position\":1,\"name\":\"Home\",\"item\":\"https:\/\/monosmoda.it\/en\/\"},{\"@type\":\"ListItem\",\"position\":2,\"name\":\"Privacy Policy\"}]},{\"@type\":\"WebSite\",\"@id\":\"https:\/\/monosmoda.it\/en\/#website\",\"url\":\"https:\/\/monosmoda.it\/en\/\",\"name\":\"Monosmoda\",\"description\":\"Accessori moda made in Italy\",\"potentialAction\":[{\"@type\":\"SearchAction\",\"target\":{\"@type\":\"EntryPoint\",\"urlTemplate\":\"https:\/\/monosmoda.it\/en\/?s={search_term_string}\"},\"query-input\":\"required name=search_term_string\"}],\"inLanguage\":\"en-US\"}]}<\/script>\n<!-- \/ Yoast SEO plugin. -->","yoast_head_json":{"title":"Privacy Policy - Monosmoda","robots":{"index":"index","follow":"follow","max-snippet":"max-snippet:-1","max-image-preview":"max-image-preview:large","max-video-preview":"max-video-preview:-1"},"canonical":"https:\/\/monosmoda.it\/en\/privacy-policy\/","og_locale":"en_US","og_type":"article","og_title":"Privacy Policy - Monosmoda","og_description":"Ai sensi dell&#8217;art. 13 D. Lgs. 30 giugno 2003, n. 196 Codice in materia di protezione dei dati personali Con...","og_url":"https:\/\/monosmoda.it\/en\/privacy-policy\/","og_site_name":"Monosmoda","twitter_card":"summary_large_image","twitter_misc":{"Est. reading time":"12 minutes"},"schema":{"@context":"https:\/\/schema.org","@graph":[{"@type":"WebPage","@id":"https:\/\/monosmoda.it\/en\/privacy-policy\/","url":"https:\/\/monosmoda.it\/en\/privacy-policy\/","name":"Privacy Policy - Monosmoda","isPartOf":{"@id":"https:\/\/monosmoda.it\/en\/#website"},"datePublished":"2019-03-09T14:04:14+00:00","dateModified":"2019-03-09T14:04:14+00:00","breadcrumb":{"@id":"https:\/\/monosmoda.it\/en\/privacy-policy\/#breadcrumb"},"inLanguage":"en-US","potentialAction":[{"@type":"ReadAction","target":["https:\/\/monosmoda.it\/en\/privacy-policy\/"]}]},{"@type":"BreadcrumbList","@id":"https:\/\/monosmoda.it\/en\/privacy-policy\/#breadcrumb","itemListElement":[{"@type":"ListItem","position":1,"name":"Home","item":"https:\/\/monosmoda.it\/en\/"},{"@type":"ListItem","position":2,"name":"Privacy Policy"}]},{"@type":"WebSite","@id":"https:\/\/monosmoda.it\/en\/#website","url":"https:\/\/monosmoda.it\/en\/","name":"Monosmoda","description":"Accessori moda made in Italy","potentialAction":[{"@type":"SearchAction","target":{"@type":"EntryPoint","urlTemplate":"https:\/\/monosmoda.it\/en\/?s={search_term_string}"},"query-input":"required name=search_term_string"}],"inLanguage":"en-US"}]}},"_links":{"self":[{"href":"https:\/\/monosmoda.it\/en\/wp-json\/wp\/v2\/pages\/19286","targetHints":{"allow":["GET"]}}],"collection":[{"href":"https:\/\/monosmoda.it\/en\/wp-json\/wp\/v2\/pages"}],"about":[{"href":"https:\/\/monosmoda.it\/en\/wp-json\/wp\/v2\/types\/page"}],"author":[{"embeddable":true,"href":"https:\/\/monosmoda.it\/en\/wp-json\/wp\/v2\/users\/2"}],"replies":[{"embeddable":true,"href":"https:\/\/monosmoda.it\/en\/wp-json\/wp\/v2\/comments?post=19286"}],"version-history":[{"count":0,"href":"https:\/\/monosmoda.it\/en\/wp-json\/wp\/v2\/pages\/19286\/revisions"}],"wp:attachment":[{"href":"https:\/\/monosmoda.it\/en\/wp-json\/wp\/v2\/media?parent=19286"}],"curies":[{"name":"wp","href":"https:\/\/api.w.org\/{rel}","templated":true}]}}